{"id":375,"date":"2022-01-28T18:56:21","date_gmt":"2022-01-28T18:56:21","guid":{"rendered":"https:\/\/grupozar.com.mx\/wp\/contact\/"},"modified":"2022-01-31T21:39:51","modified_gmt":"2022-01-31T21:39:51","slug":"control-de-motores","status":"publish","type":"page","link":"https:\/\/grupozar.com.mx\/wp\/control-de-motores\/","title":{"rendered":"Control de Motores"},"content":{"rendered":"\n\n\n<h2>Centro de control de motores<\/h2>\n<p>Soluciones de centro de control de motores para el control y protecci\u00f3n de los usuarios e instalaciones; ofrecemos altos beneficios de<\/p><p>continuidad de servicio durante el periodo de vida del equipo.<\/p>\n\n\n\n<p>CCM Modular<\/p>\n<p>CCM Fijo<\/p>\n\n\n\n<h2>Control y protecci\u00f3n<\/h2>\n\n\n\nContactores magn\u00e9ticos\nGuardamotores\nRel\u00e9s de sobrecarga\nArrancadores tensi\u00f3n reducida\nBotoner\u00eda y se\u00f1alizaci\u00f3n\nInterruptores de limite\nSensores el\u00e9ctricos\n\n\n\n\nRelevadores enchufables\nRelevadores inteligentes\nControladores programables\nInterfases gr\u00e1ficas\nFuentes de alimentaci\u00f3n\nElectr\u00f3nica de potencia\n\n\n\n\n\n\n\n\n\n\n\n\n\n\n\n\n","protected":false},"excerpt":{"rendered":"","protected":false},"author":1,"featured_media":0,"parent":0,"menu_order":0,"comment_status":"closed","ping_status":"closed","template":"","meta":{"pagelayer_contact_templates":[],"_pagelayer_content":"","footnotes":""},"class_list":["post-375","page","type-page","status-publish","hentry"],"_links":{"self":[{"href":"https:\/\/grupozar.com.mx\/wp\/wp-json\/wp\/v2\/pages\/375","targetHints":{"allow":["GET"]}}],"collection":[{"href":"https:\/\/grupozar.com.mx\/wp\/wp-json\/wp\/v2\/pages"}],"about":[{"href":"https:\/\/grupozar.com.mx\/wp\/wp-json\/wp\/v2\/types\/page"}],"author":[{"embeddable":true,"href":"https:\/\/grupozar.com.mx\/wp\/wp-json\/wp\/v2\/users\/1"}],"replies":[{"embeddable":true,"href":"https:\/\/grupozar.com.mx\/wp\/wp-json\/wp\/v2\/comments?post=375"}],"version-history":[{"count":6,"href":"https:\/\/grupozar.com.mx\/wp\/wp-json\/wp\/v2\/pages\/375\/revisions"}],"predecessor-version":[{"id":606,"href":"https:\/\/grupozar.com.mx\/wp\/wp-json\/wp\/v2\/pages\/375\/revisions\/606"}],"wp:attachment":[{"href":"https:\/\/grupozar.com.mx\/wp\/wp-json\/wp\/v2\/media?parent=375"}],"curies":[{"name":"wp","href":"https:\/\/api.w.org\/{rel}","templated":true}]}}